{"id":9692,"date":"2025-07-11T12:31:22","date_gmt":"2025-07-11T12:31:22","guid":{"rendered":"https:\/\/allfil.eu\/branchen\/mikroelektronik\/"},"modified":"2026-02-28T13:28:48","modified_gmt":"2026-02-28T13:28:48","slug":"mikroelektronik","status":"publish","type":"page","link":"https:\/\/allfil.eu\/de\/branchen\/mikroelektronik\/","title":{"rendered":"Mikroelektronik"},"content":{"rendered":"\t\t<div data-elementor-type=\"wp-page\" data-elementor-id=\"9692\" class=\"elementor elementor-9692 elementor-6176\" data-elementor-post-type=\"page\">\n\t\t\t\t\t\t<section class=\"elementor-section elementor-top-section elementor-element elementor-element-fef48c0 elementor-section-height-min-height p-t-xxl p-b-xxl elementor-section-boxed elementor-section-height-default elementor-section-items-middle\" data-id=\"fef48c0\" data-element_type=\"section\" data-e-type=\"section\">\r\n\t\t\r\n\t\t\t\t\t\t\t<div class=\"elementor-container elementor-column-gap-default\">\r\n\t\t\t\t\t\t\t\t\t\t\t<div class=\"elementor-column elementor-col-100 elementor-top-column elementor-element elementor-element-45839d2\" data-id=\"45839d2\" data-element_type=\"column\" data-e-type=\"column\">\r\n\t\t\t\t\t<div class=\"elementor-widget-wrap elementor-element-populated\">\r\n\t\t\t\t\t\t\t\t<div class=\"elementor-section elementor-inner-section elementor-element elementor-element-ea4334a elementor-section-content-middle justify-content-center elementor-section-boxed elementor-section-height-default elementor-section-height-default\" data-id=\"ea4334a\" data-element_type=\"section\" data-e-type=\"section\">\r\n\t\t\r\n\t\t\t\t\t\t\t<div class=\"elementor-container elementor-column-gap-default\">\r\n\t\t\t\t\t\t\t\t\t\t\t<div class=\"elementor-column elementor-col-50 elementor-inner-column elementor-element elementor-element-366b7b3 elementor-invisible\" data-id=\"366b7b3\" data-element_type=\"column\" data-e-type=\"column\" data-settings=\"{&quot;animation&quot;:&quot;fadeIn&quot;,&quot;animation_delay&quot;:300}\">\r\n\t\t\t\t\t<div class=\"elementor-widget-wrap elementor-element-populated\">\r\n\t\t\t\t\t\t\t\t<div class=\"elementor-element elementor-element-1e6d2c6 mb-4 pb-1 elementor-widget elementor-widget-porto_ultimate_heading\" data-id=\"1e6d2c6\" data-element_type=\"widget\" data-e-type=\"widget\" data-widget_type=\"porto_ultimate_heading.default\">\n\t\t\t\t<div class=\"elementor-widget-container\">\n\t\t\t\t\t<div class=\"porto-u-heading  porto-u-7cde7bb859728a21207628191890e260\"><div class=\"porto-u-sub-heading\" style=\"\"><p><strong>Die Mikroelektronik umfasst die Herstellung miniaturisierter elektronischer Komponenten unter Einsatz der Siliziumtechnologie.<\/strong><\/p><\/div><style>.porto-u-7cde7bb859728a21207628191890e260.porto-u-heading{text-align:left}<\/style><\/div>\t\t\t\t<\/div>\n\t\t\t\t<\/div>\n\t\t\t\t<div class=\"elementor-element elementor-element-fe834b4 mb-4 pb-1 elementor-widget elementor-widget-porto_ultimate_heading\" data-id=\"fe834b4\" data-element_type=\"widget\" data-e-type=\"widget\" data-widget_type=\"porto_ultimate_heading.default\">\n\t\t\t\t<div class=\"elementor-widget-container\">\n\t\t\t\t\t<div class=\"porto-u-heading  porto-u-7cde7bb859728a21207628191890e260\"><div class=\"porto-u-sub-heading\" style=\"\"><p>Die Filtration spielt in dieser Branche eine entscheidende Rolle, indem sie Verunreinigungen aus Luft, Wasser, Chemikalien und Gasen eliminiert, die die Qualit\u00e4t und Pr\u00e4zision der Produkte negativ beeinflussen k\u00f6nnten.<\/p><p>Unsere Filterbeutel, Filterelemente und Filtergeh\u00e4use unterst\u00fctzen die Reinigung von L\u00f6sungsmitteln, S\u00e4uren und anderen chemischen Substanzen. Wickelfilter und im Meltblown-Verfahren hergestellte Filterelemente gew\u00e4hrleisten in Kombination mit Deionisierungssystemen Ultrapure Water \u2013 Wasser mit h\u00f6chstem Reinheitsgrad. Entstaubungsfilter entfernen Verunreinigungen aus Stickstoff, Argon und anderen Prozessgasen.  <\/p><p>Eine effektive Filtration ist unerl\u00e4sslich f\u00fcr die Einhaltung von Reinraumstandards sowie zur Gew\u00e4hrleistung der Zuverl\u00e4ssigkeit und Leistungsf\u00e4higkeit mikroelektronischer Komponenten.<\/p><\/div><style>.porto-u-7cde7bb859728a21207628191890e260.porto-u-heading{text-align:left}<\/style><\/div>\t\t\t\t<\/div>\n\t\t\t\t<\/div>\n\t\t\t\t\t<\/div>\r\n\t\t\t\t<\/div>\r\n\t\t\t\t<div class=\"elementor-column elementor-col-50 elementor-inner-column elementor-element elementor-element-3bf0587 mb-lg-0 mb-4\" data-id=\"3bf0587\" data-element_type=\"column\" data-e-type=\"column\">\r\n\t\t\t\t\t<div class=\"elementor-widget-wrap elementor-element-populated\">\r\n\t\t\t\t\t\t\t\t<div class=\"elementor-element elementor-element-057fec4 elementor-widget__width-initial elementor-absolute elementor-hidden-mobile elementor-hidden-tablet elementor-invisible elementor-widget elementor-widget-spacer\" data-id=\"057fec4\" data-element_type=\"widget\" data-e-type=\"widget\" data-settings=\"{&quot;_position&quot;:&quot;absolute&quot;,&quot;motion_fx_motion_fx_scrolling&quot;:&quot;yes&quot;,&quot;motion_fx_scale_effect&quot;:&quot;yes&quot;,&quot;motion_fx_scale_direction&quot;:&quot;in-out&quot;,&quot;motion_fx_scale_speed&quot;:{&quot;unit&quot;:&quot;px&quot;,&quot;size&quot;:0.8,&quot;sizes&quot;:[]},&quot;_animation&quot;:&quot;fadeInDown&quot;,&quot;_animation_delay&quot;:300,&quot;motion_fx_scale_range&quot;:{&quot;unit&quot;:&quot;%&quot;,&quot;size&quot;:&quot;&quot;,&quot;sizes&quot;:{&quot;start&quot;:20,&quot;end&quot;:80}},&quot;motion_fx_devices&quot;:[&quot;desktop&quot;,&quot;tablet&quot;,&quot;mobile&quot;]}\" data-widget_type=\"spacer.default\">\n\t\t\t\t<div class=\"elementor-widget-container\">\n\t\t\t\t\t\t\t<div class=\"elementor-spacer\">\n\t\t\t<div class=\"elementor-spacer-inner\"><\/div>\n\t\t<\/div>\n\t\t\t\t\t\t<\/div>\n\t\t\t\t<\/div>\n\t\t\t\t<div class=\"elementor-element elementor-element-d675a5d elementor-invisible elementor-widget elementor-widget-image\" data-id=\"d675a5d\" data-element_type=\"widget\" data-e-type=\"widget\" data-settings=\"{&quot;_animation&quot;:&quot;fadeIn&quot;}\" data-widget_type=\"image.default\">\n\t\t\t\t<div class=\"elementor-widget-container\">\n\t\t\t\t\t\t\t\t\t\t\t\t\t\t\t<img fetchpriority=\"high\" decoding=\"async\" width=\"1024\" height=\"683\" src=\"https:\/\/allfil.eu\/wp-content\/uploads\/2025\/09\/mikroelektronika-1024x683.jpg\" class=\"attachment-large size-large wp-image-7753\" alt=\"\" srcset=\"https:\/\/allfil.eu\/wp-content\/uploads\/2025\/09\/mikroelektronika-1024x683.jpg 1024w, https:\/\/allfil.eu\/wp-content\/uploads\/2025\/09\/mikroelektronika-768x512.jpg 768w, https:\/\/allfil.eu\/wp-content\/uploads\/2025\/09\/mikroelektronika-640x427.jpg 640w, https:\/\/allfil.eu\/wp-content\/uploads\/2025\/09\/mikroelektronika-400x267.jpg 400w, https:\/\/allfil.eu\/wp-content\/uploads\/2025\/09\/mikroelektronika-367x245.jpg 367w\" sizes=\"(max-width: 1024px) 100vw, 1024px\" \/>\t\t\t\t\t\t\t\t\t\t\t\t\t\t\t<\/div>\n\t\t\t\t<\/div>\n\t\t\t\t\t<\/div>\r\n\t\t\t\t<\/div>\r\n\t\t\t\t\t<\/div>\r\n\t\t\t\t<\/div>\r\n\t\t\t\t\t<\/div>\r\n\t\t\t\t<\/div>\r\n\t\t\t\t\t<\/div>\r\n\t\t\t\t<\/section>\r\n\t\t<div class=\"elementor-element elementor-element-92ed005 e-con-full e-flex e-con e-parent\" data-id=\"92ed005\" data-element_type=\"container\" data-e-type=\"container\">\r\n\t\t\t\t<div class=\"elementor-element elementor-element-dc65bec elementor-widget elementor-widget-shortcode\" data-id=\"dc65bec\" data-element_type=\"widget\" data-e-type=\"widget\" data-widget_type=\"shortcode.default\">\n\t\t\t\t<div class=\"elementor-widget-container\">\n\t\t\t\t\t\t\t<div class=\"elementor-shortcode\">\t\t<div data-elementor-type=\"container\" data-elementor-id=\"9016\" class=\"elementor elementor-9016 elementor-4371 elementor-4371\" data-elementor-post-type=\"elementor_library\">\n\t\t\t\t<div class=\"elementor-element elementor-element-82dee70 e-flex e-con-boxed e-con e-parent\" data-id=\"82dee70\" data-element_type=\"container\" data-e-type=\"container\" data-settings=\"{&quot;background_background&quot;:&quot;classic&quot;}\">\r\n\t\t\t\t\t<div class=\"e-con-inner\">\r\n\t\t\t\t<div class=\"elementor-element elementor-element-c3ae597 ml-auto mr-auto mb-1 pb-2 elementor-invisible elementor-widget elementor-widget-porto_ultimate_heading\" data-id=\"c3ae597\" data-element_type=\"widget\" data-e-type=\"widget\" data-settings=\"{&quot;_animation&quot;:&quot;fadeInUp&quot;,&quot;_animation_delay&quot;:400}\" data-widget_type=\"porto_ultimate_heading.default\">\n\t\t\t\t<div class=\"elementor-widget-container\">\n\t\t\t\t\t<div class=\"porto-u-heading  porto-u-7cde7bb859728a21207628191890e260\"><div class=\"porto-u-main-heading\"><h2    style=\"margin-bottom: 1.5rem;\">Vertrauen Sie auf unsere Erfahrung!<br><\/h2><\/div><div class=\"porto-u-sub-heading\" style=\"\"><p>Ben\u00f6tigen Sie Hilfe bei der Auswahl des richtigen Filtrationssystems? Kontaktieren Sie uns! Wir beraten Sie gerne und liefern Ihnen die besten L\u00f6sungen, die perfekt auf Ihre Bed\u00fcrfnisse zugeschnitten sind.<br>  <\/p><\/div><style>.porto-u-7cde7bb859728a21207628191890e260.porto-u-heading{text-align:left}<\/style><\/div>\t\t\t\t<\/div>\n\t\t\t\t<\/div>\n\t\t\t\t<div class=\"elementor-element elementor-element-6a0b405 elementor-invisible elementor-widget elementor-widget-porto_button\" data-id=\"6a0b405\" data-element_type=\"widget\" data-e-type=\"widget\" data-settings=\"{&quot;align&quot;:&quot;left&quot;,&quot;_animation&quot;:&quot;fadeInUp&quot;,&quot;_animation_delay&quot;:850}\" data-widget_type=\"porto_button.default\">\n\t\t\t\t<div class=\"elementor-widget-container\">\n\t\t\t\t\t<a class=\"btn btn-xl btn-default btn-full-rounded btn-icon\" href=\"\"><i class=\"fas fa-arrow-right\"><\/i><span >Kontakt<\/span><\/a>\t\t\t\t<\/div>\n\t\t\t\t<\/div>\n\t\t\t\t\t<\/div>\n\t\t\t\t<\/div>\n\t\t\t\t<\/div>\n\t\t<\/div>\n\t\t\t\t\t\t<\/div>\n\t\t\t\t<\/div>\n\t\t\t\t<\/div>\n\t\t\t\t<\/div>\n\t\t","protected":false},"excerpt":{"rendered":"<p>Die Mikroelektronik umfasst die Herstellung miniaturisierter elektronischer Komponenten unter Einsatz der Siliziumtechnologie. .porto-u-7cde7bb859728a21207628191890e260.porto-u-heading{text-align:left} Die Filtration spielt in dieser Branche eine entscheidende Rolle, indem sie Verunreinigungen aus Luft, Wasser, Chemikalien und Gasen eliminiert, die die Qualit\u00e4t und Pr\u00e4zision der Produkte negativ beeinflussen k\u00f6nnten. Unsere Filterbeutel, Filterelemente und Filtergeh\u00e4use unterst\u00fctzen die Reinigung von L\u00f6sungsmitteln, S\u00e4uren und anderen [&hellip;]<\/p>\n","protected":false},"author":2,"featured_media":0,"parent":9671,"menu_order":0,"comment_status":"closed","ping_status":"closed","template":"","meta":{"footnotes":""},"class_list":["post-9692","page","type-page","status-publish","hentry"],"yoast_head":"<!-- This site is optimized with the Yoast SEO plugin v27.2 - https:\/\/yoast.com\/product\/yoast-seo-wordpress\/ -->\n<title>Allfil Mikroelektronik - Filterelemente f\u00fcr Ultrapure Water<\/title>\n<meta name=\"description\" content=\"Filterbeutel und Filterelemente (Wickelfilter, Melt-Blown) f\u00fcr Ultrapure Water, Chemikalien und Gase in der Halbleiterproduktion und Reinr\u00e4umen.\" \/>\n<meta name=\"robots\" content=\"index, follow, max-snippet:-1, max-image-preview:large, max-video-preview:-1\" \/>\n<link rel=\"canonical\" href=\"https:\/\/allfil.eu\/branze\/branza-mikroelektroniczna\/\" \/>\n<meta property=\"og:locale\" content=\"de_DE\" \/>\n<meta property=\"og:type\" content=\"article\" \/>\n<meta property=\"og:title\" content=\"Allfil Mikroelektronik - Filterelemente f\u00fcr Ultrapure Water\" \/>\n<meta property=\"og:description\" content=\"Filterbeutel und Filterelemente (Wickelfilter, Melt-Blown) f\u00fcr Ultrapure Water, Chemikalien und Gase in der Halbleiterproduktion und Reinr\u00e4umen.\" \/>\n<meta property=\"og:url\" content=\"https:\/\/allfil.eu\/branze\/branza-mikroelektroniczna\/\" \/>\n<meta property=\"og:site_name\" content=\"Allfil Filter Technologies Polska sp. z o.o. | Strona G\u0142\u00f3wna\" \/>\n<meta property=\"article:publisher\" content=\"https:\/\/www.facebook.com\/people\/Allfil-Filter-Technologies-Polska\/100063629140260\/\" \/>\n<meta property=\"article:modified_time\" content=\"2026-02-28T13:28:48+00:00\" \/>\n<meta property=\"og:image\" content=\"https:\/\/allfil.eu\/wp-content\/uploads\/2025\/09\/mikroelektronika-1024x683.jpg\" \/>\n<meta name=\"twitter:card\" content=\"summary_large_image\" \/>\n<meta name=\"twitter:label1\" content=\"Gesch\u00e4tzte Lesezeit\" \/>\n\t<meta name=\"twitter:data1\" content=\"1\u00a0Minute\" \/>\n<script type=\"application\/ld+json\" class=\"yoast-schema-graph\">{\"@context\":\"https:\/\/schema.org\",\"@graph\":[{\"@type\":\"WebPage\",\"@id\":\"https:\/\/allfil.eu\/branze\/branza-mikroelektroniczna\/\",\"url\":\"https:\/\/allfil.eu\/branze\/branza-mikroelektroniczna\/\",\"name\":\"Allfil Mikroelektronik - Filterelemente f\u00fcr Ultrapure Water\",\"isPartOf\":{\"@id\":\"https:\/\/allfil.eu\/#website\"},\"primaryImageOfPage\":{\"@id\":\"https:\/\/allfil.eu\/branze\/branza-mikroelektroniczna\/#primaryimage\"},\"image\":{\"@id\":\"https:\/\/allfil.eu\/branze\/branza-mikroelektroniczna\/#primaryimage\"},\"thumbnailUrl\":\"https:\/\/allfil.eu\/wp-content\/uploads\/2025\/09\/mikroelektronika-1024x683.jpg\",\"datePublished\":\"2025-07-11T12:31:22+00:00\",\"dateModified\":\"2026-02-28T13:28:48+00:00\",\"description\":\"Filterbeutel und Filterelemente (Wickelfilter, Melt-Blown) f\u00fcr Ultrapure Water, Chemikalien und Gase in der Halbleiterproduktion und Reinr\u00e4umen.\",\"breadcrumb\":{\"@id\":\"https:\/\/allfil.eu\/branze\/branza-mikroelektroniczna\/#breadcrumb\"},\"inLanguage\":\"de\",\"potentialAction\":[{\"@type\":\"ReadAction\",\"target\":[\"https:\/\/allfil.eu\/branze\/branza-mikroelektroniczna\/\"]}]},{\"@type\":\"ImageObject\",\"inLanguage\":\"de\",\"@id\":\"https:\/\/allfil.eu\/branze\/branza-mikroelektroniczna\/#primaryimage\",\"url\":\"https:\/\/allfil.eu\/wp-content\/uploads\/2025\/09\/mikroelektronika-1024x683.jpg\",\"contentUrl\":\"https:\/\/allfil.eu\/wp-content\/uploads\/2025\/09\/mikroelektronika-1024x683.jpg\"},{\"@type\":\"BreadcrumbList\",\"@id\":\"https:\/\/allfil.eu\/branze\/branza-mikroelektroniczna\/#breadcrumb\",\"itemListElement\":[{\"@type\":\"ListItem\",\"position\":1,\"name\":\"Strona g\u0142\u00f3wna\",\"item\":\"https:\/\/allfil.eu\/de\/\"},{\"@type\":\"ListItem\",\"position\":2,\"name\":\"Branchen\",\"item\":\"https:\/\/allfil.eu\/de\/branchen\/\"},{\"@type\":\"ListItem\",\"position\":3,\"name\":\"Mikroelektronik\"}]},{\"@type\":\"WebSite\",\"@id\":\"https:\/\/allfil.eu\/#website\",\"url\":\"https:\/\/allfil.eu\/\",\"name\":\"Allfil Filter Technologies Polska\",\"description\":\"\",\"publisher\":{\"@id\":\"https:\/\/allfil.eu\/#organization\"},\"potentialAction\":[{\"@type\":\"SearchAction\",\"target\":{\"@type\":\"EntryPoint\",\"urlTemplate\":\"https:\/\/allfil.eu\/?s={search_term_string}\"},\"query-input\":{\"@type\":\"PropertyValueSpecification\",\"valueRequired\":true,\"valueName\":\"search_term_string\"}}],\"inLanguage\":\"de\"},{\"@type\":\"Organization\",\"@id\":\"https:\/\/allfil.eu\/#organization\",\"name\":\"Allfil Filter Technologies Polska sp. z o.o.\",\"url\":\"https:\/\/allfil.eu\/\",\"logo\":{\"@type\":\"ImageObject\",\"inLanguage\":\"de\",\"@id\":\"https:\/\/allfil.eu\/#\/schema\/logo\/image\/\",\"url\":\"https:\/\/allfil.eu\/wp-content\/uploads\/2025\/10\/all-favicon-1.jpg\",\"contentUrl\":\"https:\/\/allfil.eu\/wp-content\/uploads\/2025\/10\/all-favicon-1.jpg\",\"width\":600,\"height\":600,\"caption\":\"Allfil Filter Technologies Polska sp. z o.o.\"},\"image\":{\"@id\":\"https:\/\/allfil.eu\/#\/schema\/logo\/image\/\"},\"sameAs\":[\"https:\/\/www.facebook.com\/people\/Allfil-Filter-Technologies-Polska\/100063629140260\/\",\"https:\/\/pl.linkedin.com\/in\/mariusz-michalczyk-allfil\"]}]}<\/script>\n<!-- \/ Yoast SEO plugin. -->","yoast_head_json":{"title":"Allfil Mikroelektronik - Filterelemente f\u00fcr Ultrapure Water","description":"Filterbeutel und Filterelemente (Wickelfilter, Melt-Blown) f\u00fcr Ultrapure Water, Chemikalien und Gase in der Halbleiterproduktion und Reinr\u00e4umen.","robots":{"index":"index","follow":"follow","max-snippet":"max-snippet:-1","max-image-preview":"max-image-preview:large","max-video-preview":"max-video-preview:-1"},"canonical":"https:\/\/allfil.eu\/branze\/branza-mikroelektroniczna\/","og_locale":"de_DE","og_type":"article","og_title":"Allfil Mikroelektronik - Filterelemente f\u00fcr Ultrapure Water","og_description":"Filterbeutel und Filterelemente (Wickelfilter, Melt-Blown) f\u00fcr Ultrapure Water, Chemikalien und Gase in der Halbleiterproduktion und Reinr\u00e4umen.","og_url":"https:\/\/allfil.eu\/branze\/branza-mikroelektroniczna\/","og_site_name":"Allfil Filter Technologies Polska sp. z o.o. | Strona G\u0142\u00f3wna","article_publisher":"https:\/\/www.facebook.com\/people\/Allfil-Filter-Technologies-Polska\/100063629140260\/","article_modified_time":"2026-02-28T13:28:48+00:00","og_image":[{"url":"https:\/\/allfil.eu\/wp-content\/uploads\/2025\/09\/mikroelektronika-1024x683.jpg","type":"","width":"","height":""}],"twitter_card":"summary_large_image","twitter_misc":{"Gesch\u00e4tzte Lesezeit":"1\u00a0Minute"},"schema":{"@context":"https:\/\/schema.org","@graph":[{"@type":"WebPage","@id":"https:\/\/allfil.eu\/branze\/branza-mikroelektroniczna\/","url":"https:\/\/allfil.eu\/branze\/branza-mikroelektroniczna\/","name":"Allfil Mikroelektronik - Filterelemente f\u00fcr Ultrapure Water","isPartOf":{"@id":"https:\/\/allfil.eu\/#website"},"primaryImageOfPage":{"@id":"https:\/\/allfil.eu\/branze\/branza-mikroelektroniczna\/#primaryimage"},"image":{"@id":"https:\/\/allfil.eu\/branze\/branza-mikroelektroniczna\/#primaryimage"},"thumbnailUrl":"https:\/\/allfil.eu\/wp-content\/uploads\/2025\/09\/mikroelektronika-1024x683.jpg","datePublished":"2025-07-11T12:31:22+00:00","dateModified":"2026-02-28T13:28:48+00:00","description":"Filterbeutel und Filterelemente (Wickelfilter, Melt-Blown) f\u00fcr Ultrapure Water, Chemikalien und Gase in der Halbleiterproduktion und Reinr\u00e4umen.","breadcrumb":{"@id":"https:\/\/allfil.eu\/branze\/branza-mikroelektroniczna\/#breadcrumb"},"inLanguage":"de","potentialAction":[{"@type":"ReadAction","target":["https:\/\/allfil.eu\/branze\/branza-mikroelektroniczna\/"]}]},{"@type":"ImageObject","inLanguage":"de","@id":"https:\/\/allfil.eu\/branze\/branza-mikroelektroniczna\/#primaryimage","url":"https:\/\/allfil.eu\/wp-content\/uploads\/2025\/09\/mikroelektronika-1024x683.jpg","contentUrl":"https:\/\/allfil.eu\/wp-content\/uploads\/2025\/09\/mikroelektronika-1024x683.jpg"},{"@type":"BreadcrumbList","@id":"https:\/\/allfil.eu\/branze\/branza-mikroelektroniczna\/#breadcrumb","itemListElement":[{"@type":"ListItem","position":1,"name":"Strona g\u0142\u00f3wna","item":"https:\/\/allfil.eu\/de\/"},{"@type":"ListItem","position":2,"name":"Branchen","item":"https:\/\/allfil.eu\/de\/branchen\/"},{"@type":"ListItem","position":3,"name":"Mikroelektronik"}]},{"@type":"WebSite","@id":"https:\/\/allfil.eu\/#website","url":"https:\/\/allfil.eu\/","name":"Allfil Filter Technologies Polska","description":"","publisher":{"@id":"https:\/\/allfil.eu\/#organization"},"potentialAction":[{"@type":"SearchAction","target":{"@type":"EntryPoint","urlTemplate":"https:\/\/allfil.eu\/?s={search_term_string}"},"query-input":{"@type":"PropertyValueSpecification","valueRequired":true,"valueName":"search_term_string"}}],"inLanguage":"de"},{"@type":"Organization","@id":"https:\/\/allfil.eu\/#organization","name":"Allfil Filter Technologies Polska sp. z o.o.","url":"https:\/\/allfil.eu\/","logo":{"@type":"ImageObject","inLanguage":"de","@id":"https:\/\/allfil.eu\/#\/schema\/logo\/image\/","url":"https:\/\/allfil.eu\/wp-content\/uploads\/2025\/10\/all-favicon-1.jpg","contentUrl":"https:\/\/allfil.eu\/wp-content\/uploads\/2025\/10\/all-favicon-1.jpg","width":600,"height":600,"caption":"Allfil Filter Technologies Polska sp. z o.o."},"image":{"@id":"https:\/\/allfil.eu\/#\/schema\/logo\/image\/"},"sameAs":["https:\/\/www.facebook.com\/people\/Allfil-Filter-Technologies-Polska\/100063629140260\/","https:\/\/pl.linkedin.com\/in\/mariusz-michalczyk-allfil"]}]}},"_links":{"self":[{"href":"https:\/\/allfil.eu\/de\/wp-json\/wp\/v2\/pages\/9692","targetHints":{"allow":["GET"]}}],"collection":[{"href":"https:\/\/allfil.eu\/de\/wp-json\/wp\/v2\/pages"}],"about":[{"href":"https:\/\/allfil.eu\/de\/wp-json\/wp\/v2\/types\/page"}],"author":[{"embeddable":true,"href":"https:\/\/allfil.eu\/de\/wp-json\/wp\/v2\/users\/2"}],"replies":[{"embeddable":true,"href":"https:\/\/allfil.eu\/de\/wp-json\/wp\/v2\/comments?post=9692"}],"version-history":[{"count":0,"href":"https:\/\/allfil.eu\/de\/wp-json\/wp\/v2\/pages\/9692\/revisions"}],"up":[{"embeddable":true,"href":"https:\/\/allfil.eu\/de\/wp-json\/wp\/v2\/pages\/9671"}],"wp:attachment":[{"href":"https:\/\/allfil.eu\/de\/wp-json\/wp\/v2\/media?parent=9692"}],"curies":[{"name":"wp","href":"https:\/\/api.w.org\/{rel}","templated":true}]}}